{"id":728,"date":"2018-01-03T17:20:00","date_gmt":"2018-01-03T16:20:00","guid":{"rendered":"https:\/\/www.gesi.srl\/gesisite\/?page_id=728"},"modified":"2022-09-21T00:28:05","modified_gmt":"2022-09-20T22:28:05","slug":"miglioramento-viabilita-stir-ex-c-d-r-battipaglia","status":"publish","type":"page","link":"https:\/\/www.gesi.srl\/gesisite\/lavori-eseguiti\/miglioramento-viabilita-stir-ex-c-d-r-battipaglia\/","title":{"rendered":"Miglioramento viabilit\u00e0 STIR (ex C.D.R. Battipaglia)"},"content":{"rendered":"\n<p>In seguito all&#8217;installazione dello STIR, Stabilimento di Tritovagliatura ed Imballaggio Rifiuti, in Battipaglia \u00e8 nata la necessit\u00e0 di migliorare la viabilit\u00e0 del tratto Battipaglia-Eboli adeguandolo al transito dei mezzi addetti al servizio.<\/p>\n\n\n\n<h3 class=\"wp-block-heading\">Il nostro intervento<\/h3>\n\n\n\n<p>Nel Marzo 2011 abbiamo svolto i rilievi topografici dell&#8217;area a cavallo della Strada Provinciale SP195, assegnando alla lavorazione 4 nostri operatori equipaggiati con 4 GPS e 2 Stazioni Totali.<\/p>\n\n\n\n<p>Abbiamo rilevato un&#8217;area di circa 466.000mq: l&#8217;intera strada provinciale SP195 per una lunghezza di circa 7Km ovvero, dall&#8217;incrocio con la Strada Statale SS18 &#8220;Tirrena inferiore&#8221; fino all&#8217;immissione nella Strada Provinciale SP30a, la quale collega il centro cittadino di Eboli con il quadrivio di Santa Cecilia.<\/p>\n\n\n\n<p>I nostri rilievi topografici sono stati utilizzati come <strong>base per la progettazione esecutiva <\/strong>e ci\u00f2 ha reso facile la prosecuzione naturale della lavorazione da parte nostra con il <strong>picchettamento degli elementi caratteristici del progetto<\/strong>.<\/p>\n\n\n\n<figure class=\"wp-block-gallery has-nested-images columns-default is-cropped wp-block-gallery-1 is-layout-flex wp-block-gallery-is-layout-flex\">\n<figure class=\"wp-block-image size-large\"><img loading=\"lazy\" decoding=\"async\" width=\"600\" height=\"450\" data-id=\"190\" src=\"https:\/\/www.gesi.srl\/gesisite\/wp-content\/uploads\/2018\/06\/1.jpg\" alt=\"\" class=\"wp-image-190\" srcset=\"https:\/\/www.gesi.srl\/gesisite\/wp-content\/uploads\/2018\/06\/1.jpg 600w, https:\/\/www.gesi.srl\/gesisite\/wp-content\/uploads\/2018\/06\/1-300x225.jpg 300w\" sizes=\"auto, (max-width: 600px) 100vw, 600px\" \/><\/figure>\n\n\n\n<figure class=\"wp-block-image size-large\"><img loading=\"lazy\" decoding=\"async\" width=\"600\" height=\"450\" data-id=\"191\" src=\"https:\/\/www.gesi.srl\/gesisite\/wp-content\/uploads\/2018\/06\/2.jpg\" alt=\"\" class=\"wp-image-191\" srcset=\"https:\/\/www.gesi.srl\/gesisite\/wp-content\/uploads\/2018\/06\/2.jpg 600w, https:\/\/www.gesi.srl\/gesisite\/wp-content\/uploads\/2018\/06\/2-300x225.jpg 300w\" sizes=\"auto, (max-width: 600px) 100vw, 600px\" \/><\/figure>\n\n\n\n<figure class=\"wp-block-image size-large\"><img loading=\"lazy\" decoding=\"async\" width=\"600\" height=\"450\" data-id=\"214\" src=\"https:\/\/www.gesi.srl\/gesisite\/wp-content\/uploads\/2018\/06\/3.jpg\" alt=\"\" class=\"wp-image-214\" srcset=\"https:\/\/www.gesi.srl\/gesisite\/wp-content\/uploads\/2018\/06\/3.jpg 600w, https:\/\/www.gesi.srl\/gesisite\/wp-content\/uploads\/2018\/06\/3-300x225.jpg 300w\" sizes=\"auto, (max-width: 600px) 100vw, 600px\" \/><\/figure>\n\n\n\n<figure class=\"wp-block-image size-large\"><img loading=\"lazy\" decoding=\"async\" width=\"600\" height=\"450\" data-id=\"215\" src=\"https:\/\/www.gesi.srl\/gesisite\/wp-content\/uploads\/2018\/06\/4.jpg\" alt=\"\" class=\"wp-image-215\" srcset=\"https:\/\/www.gesi.srl\/gesisite\/wp-content\/uploads\/2018\/06\/4.jpg 600w, https:\/\/www.gesi.srl\/gesisite\/wp-content\/uploads\/2018\/06\/4-300x225.jpg 300w\" sizes=\"auto, (max-width: 600px) 100vw, 600px\" \/><\/figure>\n<\/figure>\n\n\n\n<h3 class=\"wp-block-heading\">I nostri elaborati<\/h3>\n\n\n\n<p>Questa lavorazione \u00e8 culminata con la produzione di:<\/p>\n\n\n\n<ul class=\"wp-block-list\"><li>1 File CAD formato DWG contenente tutti i punti rilevati, le discontinuit\u00e0 e le curve di livello in elevazione 3D<\/li><li>1 File CAD formato DWG contenente tutti i punti rilevati e tutte le entit\u00e0 in proiezione 2D<\/li><li>13 Tavole planimetriche formato A0 redatte in scala 1:500 con punti diradati per facilitare la lettura della stampa cartacea<\/li><\/ul>\n\n\n\n<figure class=\"wp-block-image alignwide size-large\"><img loading=\"lazy\" decoding=\"async\" width=\"1024\" height=\"724\" src=\"https:\/\/www.gesi.srl\/gesisite\/wp-content\/uploads\/2018\/06\/file_0cdrbattipaglia-1024x724.jpg\" alt=\"\" class=\"wp-image-302\" srcset=\"https:\/\/www.gesi.srl\/gesisite\/wp-content\/uploads\/2018\/06\/file_0cdrbattipaglia-1024x724.jpg 1024w, https:\/\/www.gesi.srl\/gesisite\/wp-content\/uploads\/2018\/06\/file_0cdrbattipaglia-300x212.jpg 300w, https:\/\/www.gesi.srl\/gesisite\/wp-content\/uploads\/2018\/06\/file_0cdrbattipaglia-768x543.jpg 768w, https:\/\/www.gesi.srl\/gesisite\/wp-content\/uploads\/2018\/06\/file_0cdrbattipaglia-1536x1086.jpg 1536w, https:\/\/www.gesi.srl\/gesisite\/wp-content\/uploads\/2018\/06\/file_0cdrbattipaglia-2048x1448.jpg 2048w\" sizes=\"auto, (max-width: 1024px) 100vw, 1024px\" \/><\/figure>\n\n\n\n<figure class=\"wp-block-image alignwide size-large\"><img loading=\"lazy\" decoding=\"async\" width=\"1024\" height=\"768\" src=\"https:\/\/www.gesi.srl\/gesisite\/wp-content\/uploads\/2018\/06\/cdr_battipaglia-1024x768.jpg\" alt=\"\" class=\"wp-image-297\" srcset=\"https:\/\/www.gesi.srl\/gesisite\/wp-content\/uploads\/2018\/06\/cdr_battipaglia-1024x768.jpg 1024w, https:\/\/www.gesi.srl\/gesisite\/wp-content\/uploads\/2018\/06\/cdr_battipaglia-300x225.jpg 300w, https:\/\/www.gesi.srl\/gesisite\/wp-content\/uploads\/2018\/06\/cdr_battipaglia-768x576.jpg 768w, https:\/\/www.gesi.srl\/gesisite\/wp-content\/uploads\/2018\/06\/cdr_battipaglia-1536x1152.jpg 1536w, https:\/\/www.gesi.srl\/gesisite\/wp-content\/uploads\/2018\/06\/cdr_battipaglia-2048x1536.jpg 2048w\" sizes=\"auto, (max-width: 1024px) 100vw, 1024px\" \/><\/figure>\n\n\n\n<figure class=\"wp-block-image alignwide size-large\"><img loading=\"lazy\" decoding=\"async\" width=\"1024\" height=\"724\" src=\"https:\/\/www.gesi.srl\/gesisite\/wp-content\/uploads\/2018\/06\/elborato_cdr_battipaglia-1024x724.jpg\" alt=\"\" class=\"wp-image-301\" srcset=\"https:\/\/www.gesi.srl\/gesisite\/wp-content\/uploads\/2018\/06\/elborato_cdr_battipaglia-1024x724.jpg 1024w, https:\/\/www.gesi.srl\/gesisite\/wp-content\/uploads\/2018\/06\/elborato_cdr_battipaglia-300x212.jpg 300w, https:\/\/www.gesi.srl\/gesisite\/wp-content\/uploads\/2018\/06\/elborato_cdr_battipaglia-768x543.jpg 768w, https:\/\/www.gesi.srl\/gesisite\/wp-content\/uploads\/2018\/06\/elborato_cdr_battipaglia-1536x1087.jpg 1536w, https:\/\/www.gesi.srl\/gesisite\/wp-content\/uploads\/2018\/06\/elborato_cdr_battipaglia-2048x1449.jpg 2048w\" sizes=\"auto, (max-width: 1024px) 100vw, 1024px\" \/><\/figure>\n","protected":false},"excerpt":{"rendered":"<p>In seguito all&#8217;installazione dello STIR, Stabilimento di Tritovagliatura ed Imballaggio Rifiuti, in Battipaglia \u00e8 nata la necessit\u00e0 di migliorare la viabilit\u00e0 del tratto Battipaglia-Eboli adeguandolo al transito dei mezzi addetti al servizio. Il nostro intervento Nel Marzo 2011 abbiamo svolto i rilievi topografici dell&#8217;area a cavallo della Strada Provinciale SP195, assegnando alla lavorazione 4 nostri [&hellip;]<\/p>\n","protected":false},"author":1,"featured_media":0,"parent":27,"menu_order":0,"comment_status":"closed","ping_status":"closed","template":"","meta":{"_eb_attr":"","footnotes":""},"categories":[],"tags":[19],"class_list":["post-728","page","type-page","status-publish","hentry","tag-rilievi-topografici"],"_links":{"self":[{"href":"https:\/\/www.gesi.srl\/gesisite\/wp-json\/wp\/v2\/pages\/728","targetHints":{"allow":["GET"]}}],"collection":[{"href":"https:\/\/www.gesi.srl\/gesisite\/wp-json\/wp\/v2\/pages"}],"about":[{"href":"https:\/\/www.gesi.srl\/gesisite\/wp-json\/wp\/v2\/types\/page"}],"author":[{"embeddable":true,"href":"https:\/\/www.gesi.srl\/gesisite\/wp-json\/wp\/v2\/users\/1"}],"replies":[{"embeddable":true,"href":"https:\/\/www.gesi.srl\/gesisite\/wp-json\/wp\/v2\/comments?post=728"}],"version-history":[{"count":1,"href":"https:\/\/www.gesi.srl\/gesisite\/wp-json\/wp\/v2\/pages\/728\/revisions"}],"predecessor-version":[{"id":729,"href":"https:\/\/www.gesi.srl\/gesisite\/wp-json\/wp\/v2\/pages\/728\/revisions\/729"}],"up":[{"embeddable":true,"href":"https:\/\/www.gesi.srl\/gesisite\/wp-json\/wp\/v2\/pages\/27"}],"wp:attachment":[{"href":"https:\/\/www.gesi.srl\/gesisite\/wp-json\/wp\/v2\/media?parent=728"}],"wp:term":[{"taxonomy":"category","embeddable":true,"href":"https:\/\/www.gesi.srl\/gesisite\/wp-json\/wp\/v2\/categories?post=728"},{"taxonomy":"post_tag","embeddable":true,"href":"https:\/\/www.gesi.srl\/gesisite\/wp-json\/wp\/v2\/tags?post=728"}],"curies":[{"name":"wp","href":"https:\/\/api.w.org\/{rel}","templated":true}]}}