{"id":720,"date":"2018-01-03T16:30:00","date_gmt":"2018-01-03T15:30:00","guid":{"rendered":"https:\/\/www.gesi.srl\/gesisite\/?page_id=720"},"modified":"2022-09-21T00:28:05","modified_gmt":"2022-09-20T22:28:05","slug":"messa-in-sicurezza-del-costone-chiaia-di-luna-ponza-lt","status":"publish","type":"page","link":"https:\/\/www.gesi.srl\/gesisite\/lavori-eseguiti\/messa-in-sicurezza-del-costone-chiaia-di-luna-ponza-lt\/","title":{"rendered":"Messa in sicurezza del costone Chiaia di Luna (Ponza &#8211; LT)"},"content":{"rendered":"\n<p>Chiaia di Luna \u00e8 una delle spiagge pi\u00f9 belle d&#8217;Italia, \u00e8 una vera attrazione turistica anche grazie al suggestivo tunnel romano che ne permette l&#8217;accesso. Si tratta di un passaggio scavato nella roccia friabile, \u00e8 lungo circa 170, presenta ampi lucernai per garantire l&#8217;illuminazione e l&#8217;areazione ed offre uno scenario caratteristico.<\/p>\n\n\n\n<p>Nel 2001 la spiaggia Chiaia di Luna \u00e8 stata chiusa completamente in seguito ad un fenomeno franoso che ha coinvolto il costone roccioso, evento dal quale \u00e8 derivato un tragico incidente.<br>La parete rocciosa \u00e8 stata oggetto di lavori per la messa in sicurezza.<\/p>\n\n\n\n<h3 class=\"wp-block-heading\">Il nostro intervento<\/h3>\n\n\n\n<p>Alla fine di Settembre 2010 abbiamo rilevato la parete rocciosa in frana le aree vicine: la strada sul costone, la spiaggia ed il ciglio della frana. Le aree calpestabili sono state rilevate utilizzando 3 GPS.<\/p>\n\n\n\n<p>La spiaggia \u00e8 molto stretta e per ottenere un angolo di visuale pi\u00f9 ampio ci siamo avvalsi di un&#8217;imbarcazione per raggiungere un piccolo scoglio in mare dal quale abbiamo potuto rilevare l&#8217;intero tratto verticale del costone in frana tramite Stazione Totale con sistema reflectorless per la rilevazione senza prisma.<\/p>\n\n\n\n<p>Alcune aree del costone in frana non si prestavano alla rilevazione senza prisma dall&#8217;unico punto di osservazione disponibile, il nostro scoglio in mare.<\/p>\n\n\n\n<p>Questa condizione ha richiesto l&#8217;utilizzo di prismi e ci\u00f2 \u00e8 stato possibile grazie alla collaborazione con una societ\u00e0 operante nel campo del consolidamento e della bonifica montana, il cui personale composto da alpinisti e rocciatori ha eseguito per noi molteplici discese trasportando le mire riflettenti nei punti caratteristici.<\/p>\n\n\n\n<figure class=\"wp-block-image size-full\"><img loading=\"lazy\" decoding=\"async\" width=\"600\" height=\"450\" src=\"https:\/\/www.gesi.srl\/gesisite\/wp-content\/uploads\/2018\/06\/FOTO_02-1.jpg\" alt=\"\" class=\"wp-image-239\" srcset=\"https:\/\/www.gesi.srl\/gesisite\/wp-content\/uploads\/2018\/06\/FOTO_02-1.jpg 600w, https:\/\/www.gesi.srl\/gesisite\/wp-content\/uploads\/2018\/06\/FOTO_02-1-300x225.jpg 300w\" sizes=\"auto, (max-width: 600px) 100vw, 600px\" \/><\/figure>\n\n\n\n<figure class=\"wp-block-image size-full\"><img loading=\"lazy\" decoding=\"async\" width=\"600\" height=\"450\" src=\"https:\/\/www.gesi.srl\/gesisite\/wp-content\/uploads\/2018\/06\/FOTO_01-1.jpg\" alt=\"\" class=\"wp-image-233\" srcset=\"https:\/\/www.gesi.srl\/gesisite\/wp-content\/uploads\/2018\/06\/FOTO_01-1.jpg 600w, https:\/\/www.gesi.srl\/gesisite\/wp-content\/uploads\/2018\/06\/FOTO_01-1-300x225.jpg 300w\" sizes=\"auto, (max-width: 600px) 100vw, 600px\" \/><\/figure>\n\n\n\n<h3 class=\"wp-block-heading\">I nostri elaborati<\/h3>\n\n\n\n<p>La consegna \u00e8 avvenuta tramite la produzione di:<\/p>\n\n\n\n<ul class=\"wp-block-list\"><li>1 File CAD formato DWG contenente tutti i punti rilevati, le discontinuit\u00e0 e le curve di livello in elevazione 3D<\/li><li>1 File CAD formato DWG contenente tutti i punti rilevati e tutte le entit\u00e0 in proiezione 2D<\/li><li>1 Tavola planimetrica formato A0 redatta in scala 1:500 con punti diradati per facilitare la lettura della stampa cartacea<\/li><li>65 Sezioni Trasversali lungo 2 assi, restituite nella scala 1:200<\/li><\/ul>\n\n\n\n<figure class=\"wp-block-image alignwide size-large\"><img loading=\"lazy\" decoding=\"async\" width=\"1024\" height=\"724\" src=\"https:\/\/www.gesi.srl\/gesisite\/wp-content\/uploads\/2018\/06\/ponza_chiaia_di_luna-1024x724.jpg\" alt=\"\" class=\"wp-image-326\" srcset=\"https:\/\/www.gesi.srl\/gesisite\/wp-content\/uploads\/2018\/06\/ponza_chiaia_di_luna-1024x724.jpg 1024w, https:\/\/www.gesi.srl\/gesisite\/wp-content\/uploads\/2018\/06\/ponza_chiaia_di_luna-300x212.jpg 300w, https:\/\/www.gesi.srl\/gesisite\/wp-content\/uploads\/2018\/06\/ponza_chiaia_di_luna-768x543.jpg 768w, https:\/\/www.gesi.srl\/gesisite\/wp-content\/uploads\/2018\/06\/ponza_chiaia_di_luna-1536x1087.jpg 1536w, https:\/\/www.gesi.srl\/gesisite\/wp-content\/uploads\/2018\/06\/ponza_chiaia_di_luna-2048x1449.jpg 2048w\" sizes=\"auto, (max-width: 1024px) 100vw, 1024px\" \/><\/figure>\n","protected":false},"excerpt":{"rendered":"<p>Chiaia di Luna \u00e8 una delle spiagge pi\u00f9 belle d&#8217;Italia, \u00e8 una vera attrazione turistica anche grazie al suggestivo tunnel romano che ne permette l&#8217;accesso. Si tratta di un passaggio scavato nella roccia friabile, \u00e8 lungo circa 170, presenta ampi lucernai per garantire l&#8217;illuminazione e l&#8217;areazione ed offre uno scenario caratteristico. Nel 2001 la spiaggia [&hellip;]<\/p>\n","protected":false},"author":1,"featured_media":0,"parent":27,"menu_order":0,"comment_status":"closed","ping_status":"closed","template":"","meta":{"_eb_attr":"","footnotes":""},"categories":[],"tags":[19],"class_list":["post-720","page","type-page","status-publish","hentry","tag-rilievi-topografici"],"_links":{"self":[{"href":"https:\/\/www.gesi.srl\/gesisite\/wp-json\/wp\/v2\/pages\/720","targetHints":{"allow":["GET"]}}],"collection":[{"href":"https:\/\/www.gesi.srl\/gesisite\/wp-json\/wp\/v2\/pages"}],"about":[{"href":"https:\/\/www.gesi.srl\/gesisite\/wp-json\/wp\/v2\/types\/page"}],"author":[{"embeddable":true,"href":"https:\/\/www.gesi.srl\/gesisite\/wp-json\/wp\/v2\/users\/1"}],"replies":[{"embeddable":true,"href":"https:\/\/www.gesi.srl\/gesisite\/wp-json\/wp\/v2\/comments?post=720"}],"version-history":[{"count":1,"href":"https:\/\/www.gesi.srl\/gesisite\/wp-json\/wp\/v2\/pages\/720\/revisions"}],"predecessor-version":[{"id":721,"href":"https:\/\/www.gesi.srl\/gesisite\/wp-json\/wp\/v2\/pages\/720\/revisions\/721"}],"up":[{"embeddable":true,"href":"https:\/\/www.gesi.srl\/gesisite\/wp-json\/wp\/v2\/pages\/27"}],"wp:attachment":[{"href":"https:\/\/www.gesi.srl\/gesisite\/wp-json\/wp\/v2\/media?parent=720"}],"wp:term":[{"taxonomy":"category","embeddable":true,"href":"https:\/\/www.gesi.srl\/gesisite\/wp-json\/wp\/v2\/categories?post=720"},{"taxonomy":"post_tag","embeddable":true,"href":"https:\/\/www.gesi.srl\/gesisite\/wp-json\/wp\/v2\/tags?post=720"}],"curies":[{"name":"wp","href":"https:\/\/api.w.org\/{rel}","templated":true}]}}