{"id":710,"date":"2018-07-19T17:30:00","date_gmt":"2018-07-19T15:30:00","guid":{"rendered":"https:\/\/www.gesi.srl\/gesisite\/?page_id=710"},"modified":"2022-09-21T00:27:55","modified_gmt":"2022-09-20T22:27:55","slug":"diga-di-persano-serre-sa","status":"publish","type":"page","link":"https:\/\/www.gesi.srl\/gesisite\/lavori-eseguiti\/diga-di-persano-serre-sa\/","title":{"rendered":"Diga di Persano (Serre &#8211; SA)"},"content":{"rendered":"\n<p>La Diga di Persano venne eretta durante gli anni \u201930 del 900 a seguito dello sbarramento del fine Sele. Essa \u00e8 gestita dal<strong> Consorzio di bonifica in Destra del fiume Sele<\/strong> che si occupa del patrimonio dei beni comunali tra localit\u00e0 Campagna e Serre in provincia di Salerno. Questo territorio \u00e8 costituito da una pianura alluvionale all\u2019interno della quale la diga ha creato un invaso circondato da piante igrofile, le quali, si stagliano anche lungo gli argini del fiume.<\/p>\n\n\n\n<p>La diga si trova in prossimit\u00e0 dell\u2019oasi di Persano, nata a seguito del lago artificiale omonimo e tutt\u2019oggi protetta dal WWF.<\/p>\n\n\n\n<h3 class=\"wp-block-heading\">Il nostro intervento<\/h3>\n\n\n\n<p>Nell&#8217;anno 2011 abbiamo avuto incarico di rilevare l&#8217;intera diga che si estende su una superficie totale di circa 57.000 mq; i rilevamenti sono stati utilizzati per la progettazione della ristrutturazione e della messa in sicurezza della diga di Persano. Per il rilievo sono stati assegnati 4 GPS, 1 Stazione Totale e 4 nostri operatori.<\/p>\n\n\n\n<figure class=\"wp-block-gallery has-nested-images columns-default is-cropped wp-block-gallery-1 is-layout-flex wp-block-gallery-is-layout-flex\">\n<figure class=\"wp-block-image size-large\"><img loading=\"lazy\" decoding=\"async\" width=\"600\" height=\"450\" data-id=\"240\" src=\"https:\/\/www.gesi.srl\/gesisite\/wp-content\/uploads\/2018\/06\/FOTO_02-2.jpg\" alt=\"\" class=\"wp-image-240\" srcset=\"https:\/\/www.gesi.srl\/gesisite\/wp-content\/uploads\/2018\/06\/FOTO_02-2.jpg 600w, https:\/\/www.gesi.srl\/gesisite\/wp-content\/uploads\/2018\/06\/FOTO_02-2-300x225.jpg 300w\" sizes=\"auto, (max-width: 600px) 100vw, 600px\" \/><\/figure>\n\n\n\n<figure class=\"wp-block-image size-large\"><img loading=\"lazy\" decoding=\"async\" width=\"600\" height=\"450\" data-id=\"242\" src=\"https:\/\/www.gesi.srl\/gesisite\/wp-content\/uploads\/2018\/06\/FOTO_06-1.jpg\" alt=\"\" class=\"wp-image-242\" srcset=\"https:\/\/www.gesi.srl\/gesisite\/wp-content\/uploads\/2018\/06\/FOTO_06-1.jpg 600w, https:\/\/www.gesi.srl\/gesisite\/wp-content\/uploads\/2018\/06\/FOTO_06-1-300x225.jpg 300w\" sizes=\"auto, (max-width: 600px) 100vw, 600px\" \/><\/figure>\n\n\n\n<figure class=\"wp-block-image size-large\"><img loading=\"lazy\" decoding=\"async\" width=\"600\" height=\"450\" data-id=\"255\" src=\"https:\/\/www.gesi.srl\/gesisite\/wp-content\/uploads\/2018\/06\/FOTO_14-1.jpg\" alt=\"\" class=\"wp-image-255\" srcset=\"https:\/\/www.gesi.srl\/gesisite\/wp-content\/uploads\/2018\/06\/FOTO_14-1.jpg 600w, https:\/\/www.gesi.srl\/gesisite\/wp-content\/uploads\/2018\/06\/FOTO_14-1-300x225.jpg 300w\" sizes=\"auto, (max-width: 600px) 100vw, 600px\" \/><\/figure>\n\n\n\n<figure class=\"wp-block-image size-large\"><img loading=\"lazy\" decoding=\"async\" width=\"600\" height=\"450\" data-id=\"249\" src=\"https:\/\/www.gesi.srl\/gesisite\/wp-content\/uploads\/2018\/06\/FOTO_11-1.jpg\" alt=\"\" class=\"wp-image-249\" srcset=\"https:\/\/www.gesi.srl\/gesisite\/wp-content\/uploads\/2018\/06\/FOTO_11-1.jpg 600w, https:\/\/www.gesi.srl\/gesisite\/wp-content\/uploads\/2018\/06\/FOTO_11-1-300x225.jpg 300w\" sizes=\"auto, (max-width: 600px) 100vw, 600px\" \/><\/figure>\n<\/figure>\n\n\n\n<h3 class=\"wp-block-heading\">I nostri elaborati<\/h3>\n\n\n\n<p>La consegna di questa lavorazione \u00e8 avvenuta tramite la produzione di:<\/p>\n\n\n\n<p>1 File CAD formato DWG contenente tutti i punti rilevati, le discontinuit\u00e0 e le curve di livello in elevazione 3D<br>1 File CAD formato DWG contenente tutti i punti rilevati e tutte le entit\u00e0 in proiezione 2D<br>1 Tavola planimetrica nel formato A0 redatta in scala 1:500 con punti diradati per facilitare la lettura della stampa cartacea e curve di livello ad equidistanza 50cm con la redazione di 2 sezioni trasversali ed una vista\/prospetto frontale.<\/p>\n\n\n\n<figure class=\"wp-block-image size-large\"><img loading=\"lazy\" decoding=\"async\" width=\"971\" height=\"1024\" src=\"https:\/\/www.gesi.srl\/gesisite\/wp-content\/uploads\/2018\/07\/persano_alaborato_0-971x1024.jpg\" alt=\"\" class=\"wp-image-389\" srcset=\"https:\/\/www.gesi.srl\/gesisite\/wp-content\/uploads\/2018\/07\/persano_alaborato_0-971x1024.jpg 971w, https:\/\/www.gesi.srl\/gesisite\/wp-content\/uploads\/2018\/07\/persano_alaborato_0-284x300.jpg 284w, https:\/\/www.gesi.srl\/gesisite\/wp-content\/uploads\/2018\/07\/persano_alaborato_0-768x810.jpg 768w, https:\/\/www.gesi.srl\/gesisite\/wp-content\/uploads\/2018\/07\/persano_alaborato_0-1456x1536.jpg 1456w, https:\/\/www.gesi.srl\/gesisite\/wp-content\/uploads\/2018\/07\/persano_alaborato_0-1941x2048.jpg 1941w\" sizes=\"auto, (max-width: 971px) 100vw, 971px\" \/><\/figure>\n\n\n\n<figure class=\"wp-block-image size-large is-resized\"><img loading=\"lazy\" decoding=\"async\" src=\"https:\/\/www.gesi.srl\/gesisite\/wp-content\/uploads\/2018\/07\/persano_elaborato_1-1024x804.jpg\" alt=\"\" class=\"wp-image-391\" width=\"650\" height=\"510\" srcset=\"https:\/\/www.gesi.srl\/gesisite\/wp-content\/uploads\/2018\/07\/persano_elaborato_1-1024x804.jpg 1024w, https:\/\/www.gesi.srl\/gesisite\/wp-content\/uploads\/2018\/07\/persano_elaborato_1-300x236.jpg 300w, https:\/\/www.gesi.srl\/gesisite\/wp-content\/uploads\/2018\/07\/persano_elaborato_1-768x603.jpg 768w, https:\/\/www.gesi.srl\/gesisite\/wp-content\/uploads\/2018\/07\/persano_elaborato_1-1536x1206.jpg 1536w, https:\/\/www.gesi.srl\/gesisite\/wp-content\/uploads\/2018\/07\/persano_elaborato_1-2048x1609.jpg 2048w\" sizes=\"auto, (max-width: 650px) 100vw, 650px\" \/><\/figure>\n","protected":false},"excerpt":{"rendered":"<p>La Diga di Persano venne eretta durante gli anni \u201930 del 900 a seguito dello sbarramento del fine Sele. Essa \u00e8 gestita dal Consorzio di bonifica in Destra del fiume Sele che si occupa del patrimonio dei beni comunali tra localit\u00e0 Campagna e Serre in provincia di Salerno. Questo territorio \u00e8 costituito da una pianura [&hellip;]<\/p>\n","protected":false},"author":1,"featured_media":0,"parent":27,"menu_order":0,"comment_status":"closed","ping_status":"closed","template":"","meta":{"_eb_attr":"","footnotes":""},"categories":[],"tags":[35,19],"class_list":["post-710","page","type-page","status-publish","hentry","tag-dighe","tag-rilievi-topografici"],"_links":{"self":[{"href":"https:\/\/www.gesi.srl\/gesisite\/wp-json\/wp\/v2\/pages\/710","targetHints":{"allow":["GET"]}}],"collection":[{"href":"https:\/\/www.gesi.srl\/gesisite\/wp-json\/wp\/v2\/pages"}],"about":[{"href":"https:\/\/www.gesi.srl\/gesisite\/wp-json\/wp\/v2\/types\/page"}],"author":[{"embeddable":true,"href":"https:\/\/www.gesi.srl\/gesisite\/wp-json\/wp\/v2\/users\/1"}],"replies":[{"embeddable":true,"href":"https:\/\/www.gesi.srl\/gesisite\/wp-json\/wp\/v2\/comments?post=710"}],"version-history":[{"count":1,"href":"https:\/\/www.gesi.srl\/gesisite\/wp-json\/wp\/v2\/pages\/710\/revisions"}],"predecessor-version":[{"id":711,"href":"https:\/\/www.gesi.srl\/gesisite\/wp-json\/wp\/v2\/pages\/710\/revisions\/711"}],"up":[{"embeddable":true,"href":"https:\/\/www.gesi.srl\/gesisite\/wp-json\/wp\/v2\/pages\/27"}],"wp:attachment":[{"href":"https:\/\/www.gesi.srl\/gesisite\/wp-json\/wp\/v2\/media?parent=710"}],"wp:term":[{"taxonomy":"category","embeddable":true,"href":"https:\/\/www.gesi.srl\/gesisite\/wp-json\/wp\/v2\/categories?post=710"},{"taxonomy":"post_tag","embeddable":true,"href":"https:\/\/www.gesi.srl\/gesisite\/wp-json\/wp\/v2\/tags?post=710"}],"curies":[{"name":"wp","href":"https:\/\/api.w.org\/{rel}","templated":true}]}}