{"id":70,"date":"2018-07-25T17:52:50","date_gmt":"2018-07-25T15:52:50","guid":{"rendered":"https:\/\/www.gesi.srl\/gesisite\/?page_id=70"},"modified":"2022-10-04T15:27:04","modified_gmt":"2022-10-04T13:27:04","slug":"cinema-multisala-capitol-bologna","status":"publish","type":"page","link":"https:\/\/www.gesi.srl\/gesisite\/lavori-eseguiti\/cinema-multisala-capitol-bologna\/","title":{"rendered":"Cinema Multisala Capitol (Bologna)"},"content":{"rendered":"\n<p>Lo storico <strong>multisala Capitol di Bologna \u00e8 stato chiuso lo scorso maggio per cambio d&#8217;utenza<\/strong>. Una parte dello stabile <strong>presenter\u00e0 sempre una sala cinematografica di 100-150 posti<\/strong>, probabilmente la restante area sar\u00e0 occupata da un noto marchio d&#8217;abbigliamento.<\/p>\n\n\n\n<h3 class=\"wp-block-heading\">Il nostro intervento<\/h3>\n\n\n\n<p>Nel settembre 2017 <strong>siamo stati incaricati di effettuare il rilievo laser scanner delle tre facciate del Cinema Capitol<\/strong>&nbsp;nelle adiacenze di Piazza XX Settembre e Parco della Montagnola, precisamente in via Indipendenza, via Milazzo e via Galliera. Per la rilevazione abbiamo utilizzato il <strong>Laser Scanner<\/strong> e la <strong>fotocamera Sony Nex6+Zeiss 16mm<\/strong>.<\/p>\n\n\n\n<div class=\"wp-block-group is-nowrap is-layout-flex wp-container-core-group-is-layout-6c531013 wp-block-group-is-layout-flex\">\n<figure class=\"wp-block-image alignleft\"><img decoding=\"async\" src=\"https:\/\/www.studiogesi.it\/wp-content\/uploads\/2018\/07\/OK20170829_151414-300x169.jpg\" alt=\"\" class=\"wp-image-2832\"\/><\/figure>\n\n\n\n<figure class=\"wp-block-image alignleft\"><img decoding=\"async\" src=\"https:\/\/www.studiogesi.it\/wp-content\/uploads\/2018\/08\/BOLOGNA_01-300x175.jpg\" alt=\"\" class=\"wp-image-2931\"\/><\/figure>\n<\/div>\n\n\n\n<div class=\"wp-block-group is-nowrap is-layout-flex wp-container-core-group-is-layout-6c531013 wp-block-group-is-layout-flex\">\n<figure class=\"wp-block-image alignleft\"><img decoding=\"async\" src=\"https:\/\/www.studiogesi.it\/wp-content\/uploads\/2018\/07\/OK20170830_114903-300x169.jpg\" alt=\"\" class=\"wp-image-2835\"\/><\/figure>\n\n\n\n<figure class=\"wp-block-image alignleft\"><img decoding=\"async\" src=\"https:\/\/www.studiogesi.it\/wp-content\/uploads\/2018\/07\/OK20170829_171501-300x169.jpg\" alt=\"\" class=\"wp-image-2831\"\/><\/figure>\n<\/div>\n\n\n\n<div class=\"wp-block-group is-nowrap is-layout-flex wp-container-core-group-is-layout-6c531013 wp-block-group-is-layout-flex\">\n<figure class=\"wp-block-image alignleft\"><img decoding=\"async\" src=\"https:\/\/www.studiogesi.it\/wp-content\/uploads\/2018\/08\/OK20170830_114814-300x169.jpg\" alt=\"\" class=\"wp-image-2938\"\/><\/figure>\n\n\n\n<figure class=\"wp-block-image alignleft\"><img decoding=\"async\" src=\"https:\/\/www.studiogesi.it\/wp-content\/uploads\/2018\/07\/OK20170830_080055-300x169.jpg\" alt=\"\" class=\"wp-image-2834\"\/><\/figure>\n<\/div>\n\n\n\n<h3 class=\"wp-block-heading\">I nostri elaborati<\/h3>\n\n\n\n<p>La consegna di questa lavorazione \u00e8 avvenuta tramite la produzione di:<\/p>\n\n\n\n<p>1 File CAD formato DWG contenente la PIANTA redatto in scala 1:200 con ortofoto sovrapposta (Elab.01)<\/p>\n\n\n\n<p>1 File CAD formato DWG contenente il PROSPETTO SU VIA GALLIERA redatto in scala 1:100 con ortofoto sovrapposta (Elab.02)<\/p>\n\n\n\n<p>1 File CAD formato DWG contenente il PROSPETTO SU VIA GALLIERA redatto in scala 1:100 no ortofoto (Elab.02a)<\/p>\n\n\n\n<p>1 File CAD formato DWG contenente il PROSPETTO SU VIA MILAZZO redatto in scala 1:100 con ortofoto sovrapposta (Elab.03)<\/p>\n\n\n\n<p>1 File CAD formato DWG contenente il PROSPETTO SU VIA MILAZZO redatto in scala 1:100 no ortofoto (Elab.03a)<\/p>\n\n\n\n<p>1 File CAD formato DWG contenente il PROSPETTO SU VIA INDIPENDENZA redatto in scala 1:100 con ortofoto sovrapposta (Elab.04)<\/p>\n\n\n\n<p>1 File CAD formato DWG contenente il PROSPETTO SU VIA INDIPENDENZAredatto in scala 1:100 no ortofoto (Elab.04a)<\/p>\n\n\n\n<p>1 File CAD formato DWG contenente CORTE PROSPETTO 1A redatto in scala 1:100 con ortofoto sovrapposta (Elab.05)<\/p>\n\n\n\n<p>1 File CAD formato DWG contenente CORTE PROSPETTO 1B redatto in scala 1:100 con ortofoto sovrapposta (Elab.06)<\/p>\n\n\n\n<p>1 File CAD formato DWG contenente CORTE PROSPETTO 2A redatto in scala 1:100 con ortofoto sovrapposta (Elab.07)<\/p>\n\n\n\n<p>1 File CAD formato DWG contenente CORTE PROSPETTO 2B redatto in scala 1:100 con ortofoto sovrapposta (Elab.08)<\/p>\n\n\n\n<figure class=\"wp-block-image alignwide\"><img decoding=\"async\" src=\"https:\/\/www.studiogesi.it\/wp-content\/uploads\/2018\/07\/ELAB_01_CAPITOL-1024x714.jpg\" alt=\"\" class=\"wp-image-2858\"\/><\/figure>\n\n\n\n<p><a rel=\"noreferrer noopener\" href=\"https:\/\/www.studiogesi.it\/wp-content\/uploads\/2018\/07\/ELAB_01_CAPITOL.jpg\" target=\"_blank\">Scarica Immagine [0,6Mb]<\/a><\/p>\n\n\n\n<figure class=\"wp-block-image alignwide\"><img decoding=\"async\" src=\"https:\/\/www.studiogesi.it\/wp-content\/uploads\/2018\/07\/ELAB_02_CAPITOL-1024x714.jpg\" alt=\"\" class=\"wp-image-2861\"\/><\/figure>\n\n\n\n<p><a rel=\"noreferrer noopener\" href=\"https:\/\/www.studiogesi.it\/wp-content\/uploads\/2018\/07\/ELAB_02_CAPITOL.jpg\" target=\"_blank\">Scarica Immagine [8,5Mb]<\/a><\/p>\n\n\n\n<figure class=\"wp-block-image alignwide\"><img decoding=\"async\" src=\"https:\/\/www.studiogesi.it\/wp-content\/uploads\/2018\/07\/ELAB_02_CAPITOLNO_ORTOFOTO-1024x714.jpg\" alt=\"\" class=\"wp-image-2864\"\/><\/figure>\n\n\n\n<p><a rel=\"noreferrer noopener\" href=\"https:\/\/www.studiogesi.it\/wp-content\/uploads\/2018\/07\/ELAB_02_CAPITOLNO_ORTOFOTO.jpg\" target=\"_blank\">Scarica Immagine [6,1Mb]<\/a><\/p>\n\n\n\n<figure class=\"wp-block-image alignwide\"><img decoding=\"async\" src=\"https:\/\/www.studiogesi.it\/wp-content\/uploads\/2018\/07\/ELAB_03_CAPITOL-1024x714.jpg\" alt=\"\" class=\"wp-image-2867\"\/><\/figure>\n\n\n\n<p><a rel=\"noreferrer noopener\" href=\"https:\/\/www.studiogesi.it\/wp-content\/uploads\/2018\/07\/ELAB_03_CAPITOL.jpg\" target=\"_blank\">Scarica Immagine [5,8Mb]<\/a><\/p>\n\n\n\n<figure class=\"wp-block-image alignwide\"><img decoding=\"async\" src=\"https:\/\/www.studiogesi.it\/wp-content\/uploads\/2018\/07\/ELAB_03_CAPITOLNO_ORTOFOTO-1024x714.jpg\" alt=\"\" class=\"wp-image-2873\"\/><\/figure>\n\n\n\n<p><a rel=\"noreferrer noopener\" href=\"https:\/\/www.studiogesi.it\/wp-content\/uploads\/2018\/07\/ELAB_03_CAPITOLNO_ORTOFOTO.jpg\" target=\"_blank\">Scarica Immagine [4,9Mb]<\/a><\/p>\n\n\n\n<figure class=\"wp-block-image alignwide\"><img decoding=\"async\" src=\"https:\/\/www.studiogesi.it\/wp-content\/uploads\/2018\/07\/ELAB_04_CAPITOL-1024x714.jpg\" alt=\"\" class=\"wp-image-2870\"\/><\/figure>\n\n\n\n<p><a rel=\"noreferrer noopener\" href=\"https:\/\/www.studiogesi.it\/wp-content\/uploads\/2018\/07\/ELAB_04_CAPITOL.jpg\" target=\"_blank\">Scarica Immagine [7,7Mb]<\/a><\/p>\n\n\n\n<figure class=\"wp-block-image alignwide\"><img decoding=\"async\" src=\"https:\/\/www.studiogesi.it\/wp-content\/uploads\/2018\/07\/ELAB_04_CAPITOLNO_ORTOFOTO-Model-1024x714.jpg\" alt=\"\" class=\"wp-image-2876\"\/><\/figure>\n\n\n\n<p><a rel=\"noreferrer noopener\" href=\"https:\/\/www.studiogesi.it\/wp-content\/uploads\/2018\/07\/ELAB_04_CAPITOLNO_ORTOFOTO.jpg\" target=\"_blank\">Scarica Immagine [5,9Mb]<\/a><\/p>\n","protected":false},"excerpt":{"rendered":"<p>Lo storico multisala Capitol di Bologna \u00e8 stato chiuso lo scorso maggio per cambio d&#8217;utenza. Una parte dello stabile presenter\u00e0 sempre una sala cinematografica di 100-150 posti, probabilmente la restante area sar\u00e0 occupata da un noto marchio d&#8217;abbigliamento. Il nostro intervento Nel settembre 2017 siamo stati incaricati di effettuare il rilievo laser scanner delle tre [&hellip;]<\/p>\n","protected":false},"author":1,"featured_media":0,"parent":27,"menu_order":0,"comment_status":"closed","ping_status":"closed","template":"","meta":{"_eb_attr":"","footnotes":""},"categories":[],"tags":[31],"class_list":["post-70","page","type-page","status-publish","hentry","tag-rilievi-laser-scanner"],"_links":{"self":[{"href":"https:\/\/www.gesi.srl\/gesisite\/wp-json\/wp\/v2\/pages\/70","targetHints":{"allow":["GET"]}}],"collection":[{"href":"https:\/\/www.gesi.srl\/gesisite\/wp-json\/wp\/v2\/pages"}],"about":[{"href":"https:\/\/www.gesi.srl\/gesisite\/wp-json\/wp\/v2\/types\/page"}],"author":[{"embeddable":true,"href":"https:\/\/www.gesi.srl\/gesisite\/wp-json\/wp\/v2\/users\/1"}],"replies":[{"embeddable":true,"href":"https:\/\/www.gesi.srl\/gesisite\/wp-json\/wp\/v2\/comments?post=70"}],"version-history":[{"count":4,"href":"https:\/\/www.gesi.srl\/gesisite\/wp-json\/wp\/v2\/pages\/70\/revisions"}],"predecessor-version":[{"id":1147,"href":"https:\/\/www.gesi.srl\/gesisite\/wp-json\/wp\/v2\/pages\/70\/revisions\/1147"}],"up":[{"embeddable":true,"href":"https:\/\/www.gesi.srl\/gesisite\/wp-json\/wp\/v2\/pages\/27"}],"wp:attachment":[{"href":"https:\/\/www.gesi.srl\/gesisite\/wp-json\/wp\/v2\/media?parent=70"}],"wp:term":[{"taxonomy":"category","embeddable":true,"href":"https:\/\/www.gesi.srl\/gesisite\/wp-json\/wp\/v2\/categories?post=70"},{"taxonomy":"post_tag","embeddable":true,"href":"https:\/\/www.gesi.srl\/gesisite\/wp-json\/wp\/v2\/tags?post=70"}],"curies":[{"name":"wp","href":"https:\/\/api.w.org\/{rel}","templated":true}]}}