{"id":681,"date":"2022-09-20T19:16:30","date_gmt":"2022-09-20T17:16:30","guid":{"rendered":"https:\/\/www.gesi.srl\/gesisite\/?page_id=681"},"modified":"2022-10-03T13:19:38","modified_gmt":"2022-10-03T11:19:38","slug":"storia-aziendale","status":"publish","type":"page","link":"https:\/\/www.gesi.srl\/gesisite\/storia-aziendale\/","title":{"rendered":"Storia Aziendale"},"content":{"rendered":"\n<div class=\"wp-block-group is-nowrap is-layout-flex wp-container-core-group-is-layout-6c531013 wp-block-group-is-layout-flex\"><h2 class=\"wp-block-post-title wp-block-post-title\">Storia Aziendale<\/h2><\/div>\n\n\n\n<p><strong>Nel 2003,<\/strong> da una <strong>esperienza gi\u00e0 ventennale nel campo<\/strong> da parte del titolare in collaborazione con pi\u00f9 societ\u00e0, <strong>nasce GESI \u2013 Gestione Servizi Ingegneria, <\/strong>societ\u00e0 che <strong>opera<\/strong> <strong>nel campo dei rilevamenti topografici, laser scanner, geodetici e della progettazione conseguente.<\/strong><\/p>\n\n\n\n<p>I nostri clienti storici sono da subito Societ\u00e0 di Ingegneria, Imprese Edili, Professionisti ed Enti pubblici, generalmente coinvolti in <strong>grandi opere infrastrutturali e civili.<\/strong><\/p>\n\n\n\n<figure class=\"wp-block-image\"><img decoding=\"async\" src=\"https:\/\/www.studiogesi.it\/wp-content\/uploads\/2018\/07\/foto-gps-su-caposaldo-600x400.jpg\" alt=\"\"\/><\/figure>\n\n\n\n<div class=\"wp-block-cover alignfull is-light has-parallax\" style=\"background-image:url(https:\/\/www.gesi.srl\/gesisite\/wp-content\/uploads\/2018\/07\/rilievi-topografici-gps-nuovi-sarno-scaled.jpg);min-height:300px;aspect-ratio:unset;\"><span aria-hidden=\"true\" class=\"wp-block-cover__background has-background-dim-0 has-background-dim\"><\/span><div class=\"wp-block-cover__inner-container is-layout-flow wp-block-cover-is-layout-flow\">\n<p class=\"has-text-align-center has-large-font-size\"><\/p>\n<\/div><\/div>\n\n\n\n<p><strong>Dal 2003 gi\u00e0 utilizziamo i primi GPS topografici,<\/strong> \u00e8 evidente fin da subito che questi strumenti portano innovazione e performance: una squadra, con la giusta formazione pu\u00f2 sdoppiarsi in due entit\u00e0 autonome. Ci accorgiamo per\u00f2 che alcune operazioni effettuate molto velocemente tramite stazione totale risultano pi\u00f9 lente con il GPS topografico ed \u00e8 cos\u00ec che ci attiviamo per trovare una soluzione. La soluzione viene trovata velocemente ed \u00e8 composta da una procedura operativa specifica ed un software di transcodifica.<\/p>\n\n\n\n<p>Come spesso avviene, durante la ricerca di una soluzione, si intuiscono nuove opportunit\u00e0.<br><strong>Nel 2006, <\/strong>infatti, <strong>contestualmente al miglioramento dell\u2019equipaggiamento <\/strong>e con l\u2019aggiunta di GPS di nuova concezione (molto pi\u00f9 leggeri e con un software capace di operazioni pi\u00f9 rapide) <strong>sviluppiamo CSV2COO, un software capace di cambiare definitivamente l\u2019utilizzo dei nostri GPS in campagna.<\/strong><\/p>\n\n\n\n<p>Da questo momento CSV2COO, ci permette pi\u00f9 flessibilit\u00e0 in campagna e pi\u00f9 precisione nello sviluppo dei dati in ufficio. Questo software viene aggiornato per oltre 10 anni, aggiungendo man mano caratteristiche che ci permettono velocit\u00e0 nell\u2019elaborazione del dato e verifiche sempre migliori dei dati di campagna.<\/p>\n\n\n\n<figure class=\"wp-block-image\"><img decoding=\"async\" src=\"https:\/\/www.studiogesi.it\/wp-content\/uploads\/2018\/07\/rilievi-topografici-gps-messina-1024x768.jpg\" alt=\"\"\/><\/figure>\n\n\n\n<p><strong>Nel 2007 viene anche attivata l\u2019infrastruttura informatica grazie alla quale GESI migliora le modalit\u00e0 di consegna digitale dei propri servizi.<\/strong><\/p>\n\n\n\n<p>In questo periodo viene aggiornato nuovamente l\u2019equipaggiamento, e possiamo contare su un sistema reflectorless a pi\u00f9 lunga gittata, inoltre si rendono necessarie operazioni per poter continuare a trattare il dato strumentale in autonomia e senza gli automatismi introdotti dai produttori.<\/p>\n\n\n\n<p>Le commesse diventano sempre pi\u00f9 grandi e <strong>nel 2010 misuriamo vari corsi d\u2019acqua relativi al distretto idrografico dell\u2019appennino meridionale<\/strong>: Ufita, Serretelle, Fiumarella, Fredane, Vandra per svariati chilometri di stralci planimetrici e sezioni.<\/p>\n\n\n\n<p>In questi anni sono molte le squadre che producono dati di campagna e si rende necessaria l\u2019introduzione di un sistema di archiviazione ed immagazzinamento dati. Infatti \u00e8 in questo periodo che iniziamo ad avere un archivio digitale aziendale sottoforma di NAS e sviluppiamo un sistema per permttere agli stessi operatori di <strong>trasferire in archivio i propri dati automaticamente con una procedura interattiva ad attivazione telefonica. Inoltre da questo anno anche le <\/strong><strong>note<\/strong> di campagna vengono <strong>automaticamente inserite in CAD.<\/strong><\/p>\n\n\n\n<figure class=\"wp-block-image\"><img decoding=\"async\" src=\"https:\/\/www.studiogesi.it\/wp-content\/uploads\/2018\/07\/foto-gps-rilievi-topografici-erice-1024x768.jpg\" alt=\"\"\/><\/figure>\n\n\n\n<figure class=\"wp-block-image\"><img decoding=\"async\" src=\"https:\/\/www.studiogesi.it\/wp-content\/uploads\/2018\/07\/rilievi-topografici-gps-messina-2-1024x768.jpg\" alt=\"\"\/><\/figure>\n\n\n\n<p>Nel 2011 abbiamo decine di commesse tra cui: Rilevamenti Topografici per il miglioramento della viabilit\u00e0 in seguito all\u2019installazione del CDR di Battipaglia, Rilevamenti per la costruzione dello svincolo \u201cTufino\u201d sulla A16, Rilevamento del costone roccioso sulla spiaggia Chiaia di Luna in Ponza e soggetto al rischio frana, Rilevamenti per l\u2019impianto di depurazione del Medio Sarno in Pompei.<\/p>\n\n\n\n<p><strong>Sempre nel 2011<\/strong>, dovendo supportare la progettazione di alcune strade a scorrimento veloce, la committente ci chiede una celerit\u00e0 particolare nell\u2019ottenere le sezioni contabili finali sempre aggiornate pur variando frequentemente in corso d\u2019opera gli elementi progettuali (raggi di curvatura, livellette, canaline, muretti laterali) per l\u2019adattamento a specifiche esigenze. I nostri software topografici, acquistati ed idonei al lavoro di tutti i giorni, non riescono a stare dietro alle richieste.<\/p>\n\n\n\n<p>Ma come spesso accade, in caso di necessit\u00e0 si riescono a fare cose inaspettate: sfruttiamo la nostra competenza creando <strong>SeziCo, il primo software CAD Parametrico Topografico completamente multiutenza. <\/strong>Le varie aree del software vengono create man mano che andiamo avanti con la progettazione e pi\u00f9 operatori iniziano a lavorare contemporaneamente sullo stesso asse di progetto, vedendo applicate simultaneamente le modifiche. In tale modo riusciamo a soddisfare la committente con ottimi risultati ed una freccia in pi\u00f9 nel nostro arco.<\/p>\n\n\n\n<figure class=\"wp-block-image\"><img decoding=\"async\" src=\"https:\/\/www.studiogesi.it\/wp-content\/uploads\/2018\/07\/ponte_fer6s-737x400.jpg\" alt=\"\"\/><\/figure>\n\n\n\n<p><strong>Nel biennio 2012-2013 lavoriamo in vari ambiti<\/strong>: Portuale (Formia, Salerno), Autostradale (A16), Acque (Mazzafarro, S.Felice a Cancello, Lago Fusaro, San Marzano, Bottaro), Difesa costa (Ischia), Sottoservizi (S.Clemente), Infrastrutture Archistar (Regium Waterfront) ed iniziamo ad interessarci a rilievi che prevedono la misurazione di maglie di punti quali ad esempio quelli dei fronti rocciosi e delle cave.<\/p>\n\n\n\n<div class=\"wp-block-cover alignfull is-light has-parallax\" style=\"background-image:url(https:\/\/www.gesi.srl\/gesisite\/wp-content\/uploads\/2018\/07\/rilievi-topografici-consorzio-scaled.jpg);min-height:300px;aspect-ratio:unset;\"><span aria-hidden=\"true\" class=\"wp-block-cover__background has-background-dim-0 has-background-dim\"><\/span><div class=\"wp-block-cover__inner-container is-layout-flow wp-block-cover-is-layout-flow\">\n<p class=\"has-text-align-center has-large-font-size\"><\/p>\n<\/div><\/div>\n\n\n\n<p><strong>Nel 2013 investiamo nel ramo dei Rilievi <\/strong><strong>Laser Scanner<\/strong>. Si tratta di un investimento ingente sia per l\u2019acquisto della strumentazione Laser Scanner e del corredo software, sia per gli sforzi profusi per il corretto funzionamento del tutto. Infatti con il solo acquisto della strumentazione, pur avendo sostenuto il corso per l\u2019utilizzo, ci si rende subito conto che le potenzialit\u00e0 non sono sfruttate appieno, che lo Scanner \u00e8 una macchina prestante ma che tutto il corredo software non \u00e8 realmente sufficiente per svolgere un buon lavoro. Esistono da subito almeno 16 motivi per i quali una societ\u00e0 veterana nel campo della topografia non pu\u00f2 usare quella strumentazione cos\u00ec superficialmente. Fu cos\u00ec che iniziammo <strong>una attivit\u00e0 di ricerca e sviluppo<\/strong>, durata due anni, e dalla quale <strong>nasce Cloud Designer<\/strong>, un software interamente progettato dallo staff GESI. Ecco l\u2019ennesima freccia al nostro arco: <strong>oggi possediamo un software per Laser Scanner sviluppato da noi stessi<\/strong>, che integra<strong> soluzioni a tutte le reali esigenze riscontrate sul campo.<\/strong><\/p>\n\n\n\n<figure class=\"wp-block-image\"><img decoding=\"async\" src=\"https:\/\/www.studiogesi.it\/wp-content\/uploads\/2018\/07\/rilievo_laser_scanner_chiesa_san_castrese_marano_di_napoli-737x400.jpg\" alt=\"\"\/><\/figure>\n\n\n\n<div class=\"wp-block-cover alignfull is-light has-parallax\" style=\"background-image:url(https:\/\/www.gesi.srl\/gesisite\/wp-content\/uploads\/2018\/07\/muro-lucano-20170428_102052-scaled.jpg);min-height:300px;aspect-ratio:unset;\"><span aria-hidden=\"true\" class=\"wp-block-cover__background has-background-dim-0 has-background-dim\"><\/span><div class=\"wp-block-cover__inner-container is-layout-flow wp-block-cover-is-layout-flow\">\n<p class=\"has-text-align-center has-large-font-size\"><\/p>\n<\/div><\/div>\n\n\n\n<p>Negli ultimi anni siamo diventati una realt\u00e0 consolidata per quanto riguarda i Rilievi Topografici e molto importante nel settore Laser Scanner, estendendo il raggio d\u2019azione a tutto il globo terrestre.<\/p>\n","protected":false},"excerpt":{"rendered":"<p>Nel 2003, da una esperienza gi\u00e0 ventennale nel campo da parte del titolare in collaborazione con pi\u00f9 societ\u00e0, nasce GESI \u2013 Gestione Servizi Ingegneria, societ\u00e0 che opera nel campo dei rilevamenti topografici, laser scanner, geodetici e della progettazione conseguente. I nostri clienti storici sono da subito Societ\u00e0 di Ingegneria, Imprese Edili, Professionisti ed Enti pubblici, [&hellip;]<\/p>\n","protected":false},"author":1,"featured_media":0,"parent":0,"menu_order":0,"comment_status":"closed","ping_status":"closed","template":"","meta":{"_eb_attr":"","footnotes":""},"categories":[],"tags":[],"class_list":["post-681","page","type-page","status-publish","hentry"],"_links":{"self":[{"href":"https:\/\/www.gesi.srl\/gesisite\/wp-json\/wp\/v2\/pages\/681","targetHints":{"allow":["GET"]}}],"collection":[{"href":"https:\/\/www.gesi.srl\/gesisite\/wp-json\/wp\/v2\/pages"}],"about":[{"href":"https:\/\/www.gesi.srl\/gesisite\/wp-json\/wp\/v2\/types\/page"}],"author":[{"embeddable":true,"href":"https:\/\/www.gesi.srl\/gesisite\/wp-json\/wp\/v2\/users\/1"}],"replies":[{"embeddable":true,"href":"https:\/\/www.gesi.srl\/gesisite\/wp-json\/wp\/v2\/comments?post=681"}],"version-history":[{"count":4,"href":"https:\/\/www.gesi.srl\/gesisite\/wp-json\/wp\/v2\/pages\/681\/revisions"}],"predecessor-version":[{"id":1098,"href":"https:\/\/www.gesi.srl\/gesisite\/wp-json\/wp\/v2\/pages\/681\/revisions\/1098"}],"wp:attachment":[{"href":"https:\/\/www.gesi.srl\/gesisite\/wp-json\/wp\/v2\/media?parent=681"}],"wp:term":[{"taxonomy":"category","embeddable":true,"href":"https:\/\/www.gesi.srl\/gesisite\/wp-json\/wp\/v2\/categories?post=681"},{"taxonomy":"post_tag","embeddable":true,"href":"https:\/\/www.gesi.srl\/gesisite\/wp-json\/wp\/v2\/tags?post=681"}],"curies":[{"name":"wp","href":"https:\/\/api.w.org\/{rel}","templated":true}]}}