{"id":41,"date":"2018-10-17T17:28:07","date_gmt":"2018-10-17T15:28:07","guid":{"rendered":"https:\/\/www.gesi.srl\/gesisite\/?page_id=41"},"modified":"2022-09-21T00:27:55","modified_gmt":"2022-09-20T22:27:55","slug":"aeroporto-di-capodichino-napoli","status":"publish","type":"page","link":"https:\/\/www.gesi.srl\/gesisite\/lavori-eseguiti\/aeroporto-di-capodichino-napoli\/","title":{"rendered":"Aeroporto di Capodichino &#8211; Napoli"},"content":{"rendered":"\n<p>L&#8217;aeroporto internazionale di Napoli, anche detto Aeroporto di Capodichino, \u00e8 uno dei principali scali europei e vanta molti primati: \u00e8 stato il primo aeroporto italiano ad essere privatizzato, ha avuto una cresciata del traffico passeggeri di circa il 30% tra il 2016 e il 2017 ed inoltre sar\u00e0 il primo aeroporto italiano ad integrare bus elettrici.<\/p>\n\n\n\n<p>L&#8217;aeroporto di Capodichino pu\u00f2 essere considerato un aeroporto cittadino in quanto sorge all&#8217;interno della citt\u00e0 di Napoli, a pochi minuti dal centro.<br>Entro il 2020 l&#8217;aeroporto sar\u00e0 collegato tramite una nuova stazione sulla Linea 1 della metropolitana.<\/p>\n\n\n\n<p>L&#8217;aeroporto \u00e8 composto da un solo terminal recentemente rinnovato e ampliato per fronteggiare il traffico passeggeri crescente e di 6 aree di parcheggio.<\/p>\n\n\n\n<h3 class=\"wp-block-heading\">Il nostro intervento<\/h3>\n\n\n\n<p>Nel 2018 siamo stati stati incaricati dalla Societ\u00e0 di Gestione Servizi Aeroporti Campani (GESAC) di rilevare una parte della zona aeroportuale. Si tratta dell&#8217;area di parcheggio &#8220;P1&#8221;,&nbsp;dedicata alla sosta lunga, ed una piccola area adiacente al parcheggio.<\/p>\n\n\n\n<p>Il fine ultimo \u00e8 quello di utilizzare i nostri rilievi topografici per ottimizzare ed aumentare capacit\u00e0 del parcheggio in termini di posti auto.<\/p>\n\n\n\n<p>La superficie rilevata \u00e8 stata di circa 25000 mq, il livello di accuratezza \u00e8 stato molto elevato ed il rilievo ha interessato tutti i servizi e sottoservizi, i muri perimetrali, gli stalli e le segnaletiche orizzontali e verticali. L&#8217;equipaggiamento utilizzato per l&#8217;attivit\u00e0 \u00e8 composto da 3 GPS ed una Stazione Totale, le operazioni di campagna sono state svolte da due nostri operatori.<\/p>\n\n\n\n<figure class=\"wp-block-image alignleft\"><img decoding=\"async\" src=\"https:\/\/www.studiogesi.it\/wp-content\/uploads\/2018\/10\/FOTO_01_SCA.jpg\" alt=\"\" class=\"wp-image-3050\"\/><\/figure>\n\n\n\n<figure class=\"wp-block-image alignleft\"><img decoding=\"async\" src=\"https:\/\/www.studiogesi.it\/wp-content\/uploads\/2018\/10\/FOTO_24_SCA.jpg\" alt=\"\" class=\"wp-image-3051\"\/><\/figure>\n\n\n\n<figure class=\"wp-block-image alignleft\"><img decoding=\"async\" src=\"https:\/\/www.studiogesi.it\/wp-content\/uploads\/2018\/10\/FOTO_C_SCA.jpg\" alt=\"\" class=\"wp-image-3055\"\/><\/figure>\n\n\n\n<h3 class=\"wp-block-heading\">I nostri elaborati<\/h3>\n\n\n\n<p>La fase di rilievo ante operam si \u00e8 conclusa con la produzione di:<\/p>\n\n\n\n<ul class=\"wp-block-list\"><li>1 Tavola planimetrica formato A1 redatta in scala 1:500 con punti diradati per facilitare la lettura della stampa cartacea<\/li><li>2 Tavole planimetriche formato A0 redatta in scala in scala 1:200 con punti diradati per facilitare la lettura della stampa cartacea<\/li><\/ul>\n\n\n\n<figure class=\"wp-block-image aligncenter\"><img decoding=\"async\" src=\"https:\/\/www.studiogesi.it\/wp-content\/uploads\/2018\/10\/foglio1_500-712x1024.jpg\" alt=\"\" class=\"wp-image-3056\"\/><\/figure>\n\n\n\n<figure class=\"wp-block-image aligncenter\"><img decoding=\"async\" src=\"https:\/\/www.studiogesi.it\/wp-content\/uploads\/2018\/10\/foglio1_200rid-1024x704.jpg\" alt=\"\" class=\"wp-image-3059\"\/><\/figure>\n\n\n\n<figure class=\"wp-block-image aligncenter\"><img decoding=\"async\" src=\"https:\/\/www.studiogesi.it\/wp-content\/uploads\/2018\/10\/foglio2_200-1024x704.jpg\" alt=\"\" class=\"wp-image-3060\"\/><\/figure>\n","protected":false},"excerpt":{"rendered":"<p>L&#8217;aeroporto internazionale di Napoli, anche detto Aeroporto di Capodichino, \u00e8 uno dei principali scali europei e vanta molti primati: \u00e8 stato il primo aeroporto italiano ad essere privatizzato, ha avuto una cresciata del traffico passeggeri di circa il 30% tra il 2016 e il 2017 ed inoltre sar\u00e0 il primo aeroporto italiano ad integrare bus [&hellip;]<\/p>\n","protected":false},"author":1,"featured_media":0,"parent":27,"menu_order":0,"comment_status":"closed","ping_status":"closed","template":"","meta":{"_eb_attr":"","footnotes":""},"categories":[],"tags":[21,23,19],"class_list":["post-41","page","type-page","status-publish","hentry","tag-impianti-e-sottoservizi","tag-porti","tag-rilievi-topografici"],"_links":{"self":[{"href":"https:\/\/www.gesi.srl\/gesisite\/wp-json\/wp\/v2\/pages\/41","targetHints":{"allow":["GET"]}}],"collection":[{"href":"https:\/\/www.gesi.srl\/gesisite\/wp-json\/wp\/v2\/pages"}],"about":[{"href":"https:\/\/www.gesi.srl\/gesisite\/wp-json\/wp\/v2\/types\/page"}],"author":[{"embeddable":true,"href":"https:\/\/www.gesi.srl\/gesisite\/wp-json\/wp\/v2\/users\/1"}],"replies":[{"embeddable":true,"href":"https:\/\/www.gesi.srl\/gesisite\/wp-json\/wp\/v2\/comments?post=41"}],"version-history":[{"count":1,"href":"https:\/\/www.gesi.srl\/gesisite\/wp-json\/wp\/v2\/pages\/41\/revisions"}],"predecessor-version":[{"id":44,"href":"https:\/\/www.gesi.srl\/gesisite\/wp-json\/wp\/v2\/pages\/41\/revisions\/44"}],"up":[{"embeddable":true,"href":"https:\/\/www.gesi.srl\/gesisite\/wp-json\/wp\/v2\/pages\/27"}],"wp:attachment":[{"href":"https:\/\/www.gesi.srl\/gesisite\/wp-json\/wp\/v2\/media?parent=41"}],"wp:term":[{"taxonomy":"category","embeddable":true,"href":"https:\/\/www.gesi.srl\/gesisite\/wp-json\/wp\/v2\/categories?post=41"},{"taxonomy":"post_tag","embeddable":true,"href":"https:\/\/www.gesi.srl\/gesisite\/wp-json\/wp\/v2\/tags?post=41"}],"curies":[{"name":"wp","href":"https:\/\/api.w.org\/{rel}","templated":true}]}}